{"id":661,"date":"2024-03-27T15:13:32","date_gmt":"2024-03-27T15:13:32","guid":{"rendered":"https:\/\/jalogmenn.is\/?page_id=661"},"modified":"2026-01-14T22:10:03","modified_gmt":"2026-01-14T22:10:03","slug":"gjaldskra","status":"publish","type":"page","link":"https:\/\/jalogmenn.is\/index.php\/home\/um-okkur\/gjaldskra\/","title":{"rendered":"Gjaldskr\u00e1"},"content":{"rendered":"\t\t<div data-elementor-type=\"wp-page\" data-elementor-id=\"661\" class=\"elementor elementor-661\">\n\t\t\t\t<div class=\"elementor-element elementor-element-ead64c5 e-flex e-con-boxed e-con e-parent\" data-id=\"ead64c5\" data-element_type=\"container\" data-settings=\"{&quot;background_background&quot;:&quot;classic&quot;,&quot;_ha_eqh_enable&quot;:false}\">\n\t\t\t\t\t<div class=\"e-con-inner\">\n\t\t\t\t<div class=\"elementor-element elementor-element-a68e2c4 elementor-widget elementor-widget-spacer\" data-id=\"a68e2c4\" data-element_type=\"widget\" data-widget_type=\"spacer.default\">\n\t\t\t\t<div class=\"elementor-widget-container\">\n\t\t\t<style>\/*! elementor - v3.21.0 - 26-05-2024 *\/\n.elementor-column .elementor-spacer-inner{height:var(--spacer-size)}.e-con{--container-widget-width:100%}.e-con-inner>.elementor-widget-spacer,.e-con>.elementor-widget-spacer{width:var(--container-widget-width,var(--spacer-size));--align-self:var(--container-widget-align-self,initial);--flex-shrink:0}.e-con-inner>.elementor-widget-spacer>.elementor-widget-container,.e-con>.elementor-widget-spacer>.elementor-widget-container{height:100%;width:100%}.e-con-inner>.elementor-widget-spacer>.elementor-widget-container>.elementor-spacer,.e-con>.elementor-widget-spacer>.elementor-widget-container>.elementor-spacer{height:100%}.e-con-inner>.elementor-widget-spacer>.elementor-widget-container>.elementor-spacer>.elementor-spacer-inner,.e-con>.elementor-widget-spacer>.elementor-widget-container>.elementor-spacer>.elementor-spacer-inner{height:var(--container-widget-height,var(--spacer-size))}.e-con-inner>.elementor-widget-spacer.elementor-widget-empty,.e-con>.elementor-widget-spacer.elementor-widget-empty{position:relative;min-height:22px;min-width:22px}.e-con-inner>.elementor-widget-spacer.elementor-widget-empty .elementor-widget-empty-icon,.e-con>.elementor-widget-spacer.elementor-widget-empty .elementor-widget-empty-icon{position:absolute;top:0;bottom:0;left:0;right:0;margin:auto;padding:0;width:22px;height:22px}<\/style>\t\t<div class=\"elementor-spacer\">\n\t\t\t<div class=\"elementor-spacer-inner\"><\/div>\n\t\t<\/div>\n\t\t\t\t<\/div>\n\t\t\t\t<\/div>\n\t\t<div class=\"elementor-element elementor-element-02fe395 e-flex e-con-boxed e-con e-child\" data-id=\"02fe395\" data-element_type=\"container\" data-settings=\"{&quot;_ha_eqh_enable&quot;:false}\">\n\t\t\t\t\t<div class=\"e-con-inner\">\n\t\t\t\t<div class=\"elementor-element elementor-element-8cc0e69 elementor-widget elementor-widget-heading\" data-id=\"8cc0e69\" data-element_type=\"widget\" data-widget_type=\"heading.default\">\n\t\t\t\t<div class=\"elementor-widget-container\">\n\t\t\t<style>\/*! elementor - v3.21.0 - 26-05-2024 *\/\n.elementor-heading-title{padding:0;margin:0;line-height:1}.elementor-widget-heading .elementor-heading-title[class*=elementor-size-]>a{color:inherit;font-size:inherit;line-height:inherit}.elementor-widget-heading .elementor-heading-title.elementor-size-small{font-size:15px}.elementor-widget-heading .elementor-heading-title.elementor-size-medium{font-size:19px}.elementor-widget-heading .elementor-heading-title.elementor-size-large{font-size:29px}.elementor-widget-heading .elementor-heading-title.elementor-size-xl{font-size:39px}.elementor-widget-heading .elementor-heading-title.elementor-size-xxl{font-size:59px}<\/style><h2 class=\"elementor-heading-title elementor-size-default\">Gjaldskr\u00e1<\/h2>\t\t<\/div>\n\t\t\t\t<\/div>\n\t\t\t\t<div class=\"elementor-element elementor-element-073ed41 elementor-widget elementor-widget-spacer\" data-id=\"073ed41\" data-element_type=\"widget\" data-widget_type=\"spacer.default\">\n\t\t\t\t<div class=\"elementor-widget-container\">\n\t\t\t\t\t<div class=\"elementor-spacer\">\n\t\t\t<div class=\"elementor-spacer-inner\"><\/div>\n\t\t<\/div>\n\t\t\t\t<\/div>\n\t\t\t\t<\/div>\n\t\t\t\t<div class=\"elementor-element elementor-element-3407d2c elementor-widget elementor-widget-text-editor\" data-id=\"3407d2c\" data-element_type=\"widget\" data-widget_type=\"text-editor.default\">\n\t\t\t\t<div class=\"elementor-widget-container\">\n\t\t\t<style>\/*! elementor - v3.21.0 - 26-05-2024 *\/\n.elementor-widget-text-editor.elementor-drop-cap-view-stacked .elementor-drop-cap{background-color:#69727d;color:#fff}.elementor-widget-text-editor.elementor-drop-cap-view-framed .elementor-drop-cap{color:#69727d;border:3px solid;background-color:transparent}.elementor-widget-text-editor:not(.elementor-drop-cap-view-default) .elementor-drop-cap{margin-top:8px}.elementor-widget-text-editor:not(.elementor-drop-cap-view-default) .elementor-drop-cap-letter{width:1em;height:1em}.elementor-widget-text-editor .elementor-drop-cap{float:left;text-align:center;line-height:1;font-size:50px}.elementor-widget-text-editor .elementor-drop-cap-letter{display:inline-block}<\/style>\t\t\t\t<ol>\n<li style=\"list-style-type: none;\">\n<ol>\n<li>Starfsmenn JA L\u00f6gmanna vinna \u00e1 t\u00edmagjaldi fyrir vi\u00f0skiptavini l\u00f6gmannsstofunnar nema s\u00e9rstaklega s\u00e9 sami\u00f0 um anna\u00f0. T\u00edmagjald h\u00e6star\u00e9ttarl\u00f6gmanna er 39.500 kr. \u00e1 klukkustund auk vir\u00f0isaukaskatts.<br>\nL\u00e1gmarks t\u00edmaeining fyrir vinnu starfsmanna stofunnar er 15 m\u00edn\u00fatur og hleypur \u00e1 15 m\u00edn\u00fatum eftir \u00fea\u00f0. S\u00edmt\u00f6l og t\u00f6lvup\u00f3stsamskipti teljast til unninna stunda hj\u00e1 starfsm\u00f6nnum og er l\u00e1gmarkseining fyrir sl\u00edk samskipti 15 m\u00edn\u00fatur. L\u00e1gmarks\u00fatkall er 4 vinnustundir.<br>\nS\u00e9rst\u00f6k athygli er vakin \u00e1 \u00fev\u00ed a\u00f0 kostna\u00f0ur og \u00fe\u00f3knun l\u00f6gmannsstofunnar kann a\u00f0 vera mun h\u00e6rri en m\u00e1lskostna\u00f0ar\u00e1kv\u00f6r\u00f0un d\u00f3mara. \u00c1kv\u00f6r\u00f0un d\u00f3mara \u00e1 m\u00e1lskostna\u00f0i hefur \u00feannig ekki \u00e1hrif \u00e1 \u00e1kv\u00f6r\u00f0un \u00fe\u00f3knunar gagnvart vi\u00f0skiptavinum vegna m\u00e1lflutnings.<\/li>\n<p><br><\/p>\n<li>Allur \u00fatlag\u00f0ur kostna\u00f0ur m\u00e1ls grei\u00f0ist af vi\u00f0skiptavinum, t.d. r\u00e9ttargj\u00f6ld, k\u00e6rum\u00e1lskostna\u00f0ur, matskostna\u00f0ur, kostna\u00f0ur vegna skjala\u00fe\u00fd\u00f0inga, a\u00f0keyptar m\u00e6tingar, fer\u00f0a \u2013 og dvalarkostna\u00f0ur.<\/li>\n<p><br><\/p>\n<li>\u00de\u00f3knun fyrir ums\u00fdslu e\u00f0a a\u00f0sto\u00f0 vi\u00f0 kaup e\u00f0a s\u00f6lu \u00e1 fasteignum, fyrirt\u00e6kjum e\u00f0a \u00f6\u00f0rum eignum \u00ed heild e\u00f0a a\u00f0 hluta er 3% af s\u00f6luver\u00f0i. \u00de\u00f3knun fyrir ger\u00f0 leigusamnings er sem nemur eins m\u00e1na\u00f0arleigu auk vir\u00f0isaukaskatts.<\/li>\n<p><br><\/p>\n<li>Gjaldskr\u00e1 \u00feessi telst hluti af samningi um rekstur m\u00e1ls. Til vi\u00f0b\u00f3tar vi\u00f0 ofanrita\u00f0 tekur l\u00f6gmannsstofan 10% af \u00f6llum kr\u00f6fum sem innheimtast vegna m\u00e1lareksturs hennar \u00e1 hva\u00f0a stigi sem er, hvort sem er vi\u00f0 d\u00f3m, \u00farskur\u00f0 e\u00f0a me\u00f0 samningum.<\/li>\n<p><br><\/p>\n<li>\u00de\u00f3knun fyrir skjalager\u00f0, svo sem vi\u00f0 stofnun f\u00e9laga, ger\u00f0 erf\u00f0askr\u00e1r, kaupm\u00e1la, tryggingabr\u00e9fa, skuldabr\u00e9fa og ve\u00f0leyfis er 50.000 kr. auk umsamins t\u00edmagjalds.<\/li>\n<p><br><\/p>\n<li>L\u00f6gmannsstofan \u00e1skilur s\u00e9r r\u00e9tt til a\u00f0 krefjast fyrirframgrei\u00f0slu \u00e1\u00f0ur en verk hefst, grei\u00f0slu jafn og \u00fe\u00e9tt \u00e1 me\u00f0an verki stendur e\u00f0a eftir \u00f6\u00f0rum ums\u00f6mdum h\u00e6tti.<\/li>\n<p><br><\/p>\n<li>Vi\u00f0skiptama\u00f0ur \u00e1 r\u00e9tt \u00e1 a\u00f0 fr\u00e1 yfirlit \u00far t\u00edmaskr\u00e1 l\u00f6gmanns sem liggur a\u00f0 baki reikningi \u00f3ski hann \u00feess.<\/li>\n<p><br><\/p>\n<li>Vi\u00f0skiptamanni ber a\u00f0 kynna s\u00e9r \u00e1kv\u00e6\u00f0i \u00feessarar gjaldskr\u00e1r. Hann er \u00e1byrgur fyrir grei\u00f0slu \u00fe\u00f3knunar og \u00fatlag\u00f0s kostna\u00f0ar, hvort sem h\u00fan f\u00e6st greidd \u00far hendi gagna\u00f0ila e\u00f0a ekki, nema s\u00e9rstakt samkomulag s\u00e9 gert um anna\u00f0.<\/li>\n<p><br><\/p>\n<li>Gjaldskr\u00e1 \u00feesi tekur breytingum 1. jan\u00faar \u00e1r hvert.<\/li>\n<\/ol>\n<\/li>\n<\/ol>\t\t\t\t\t\t<\/div>\n\t\t\t\t<\/div>\n\t\t\t\t\t<\/div>\n\t\t\t\t<\/div>\n\t\t\t\t\t<\/div>\n\t\t\t\t<\/div>\n\t\t\t\t<\/div>\n\t\t","protected":false},"excerpt":{"rendered":"<p>Gjaldskr\u00e1 Starfsmenn JA L\u00f6gmanna vinna \u00e1 t\u00edmagjaldi fyrir vi\u00f0skiptavini l\u00f6gmannsstofunnar nema s\u00e9rstaklega s\u00e9 sami\u00f0 um anna\u00f0. T\u00edmagjald h\u00e6star\u00e9ttarl\u00f6gmanna er 39.500 kr. \u00e1 klukkustund auk vir\u00f0isaukaskatts. L\u00e1gmarks t\u00edmaeining fyrir vinnu starfsmanna stofunnar er 15 m\u00edn\u00fatur og hleypur \u00e1 15 m\u00edn\u00fatum eftir \u00fea\u00f0. S\u00edmt\u00f6l og t\u00f6lvup\u00f3stsamskipti teljast til unninna stunda hj\u00e1 starfsm\u00f6nnum og er l\u00e1gmarkseining fyrir sl\u00edk [&hellip;]<\/p>\n","protected":false},"author":1,"featured_media":0,"parent":643,"menu_order":0,"comment_status":"closed","ping_status":"closed","template":"","meta":{"_monsterinsights_skip_tracking":false,"_monsterinsights_sitenote_active":false,"_monsterinsights_sitenote_note":"","_monsterinsights_sitenote_category":0,"_uf_show_specific_survey":0,"_uf_disable_surveys":false,"footnotes":""},"aioseo_notices":[],"_links":{"self":[{"href":"https:\/\/jalogmenn.is\/index.php\/wp-json\/wp\/v2\/pages\/661"}],"collection":[{"href":"https:\/\/jalogmenn.is\/index.php\/wp-json\/wp\/v2\/pages"}],"about":[{"href":"https:\/\/jalogmenn.is\/index.php\/wp-json\/wp\/v2\/types\/page"}],"author":[{"embeddable":true,"href":"https:\/\/jalogmenn.is\/index.php\/wp-json\/wp\/v2\/users\/1"}],"replies":[{"embeddable":true,"href":"https:\/\/jalogmenn.is\/index.php\/wp-json\/wp\/v2\/comments?post=661"}],"version-history":[{"count":26,"href":"https:\/\/jalogmenn.is\/index.php\/wp-json\/wp\/v2\/pages\/661\/revisions"}],"predecessor-version":[{"id":1812,"href":"https:\/\/jalogmenn.is\/index.php\/wp-json\/wp\/v2\/pages\/661\/revisions\/1812"}],"up":[{"embeddable":true,"href":"https:\/\/jalogmenn.is\/index.php\/wp-json\/wp\/v2\/pages\/643"}],"wp:attachment":[{"href":"https:\/\/jalogmenn.is\/index.php\/wp-json\/wp\/v2\/media?parent=661"}],"curies":[{"name":"wp","href":"https:\/\/api.w.org\/{rel}","templated":true}]}}