{"id":643,"date":"2024-03-27T15:03:00","date_gmt":"2024-03-27T15:03:00","guid":{"rendered":"https:\/\/jalogmenn.is\/?page_id=643"},"modified":"2024-04-22T00:19:22","modified_gmt":"2024-04-21T23:19:22","slug":"um-okkur","status":"publish","type":"page","link":"https:\/\/jalogmenn.is\/index.php\/home\/um-okkur\/","title":{"rendered":"Um okkur"},"content":{"rendered":"\t\t<div data-elementor-type=\"wp-page\" data-elementor-id=\"643\" class=\"elementor elementor-643\">\n\t\t\t\t<div class=\"elementor-element elementor-element-7e79b1b e-con-full e-flex e-con e-parent\" data-id=\"7e79b1b\" data-element_type=\"container\" data-settings=\"{&quot;background_background&quot;:&quot;classic&quot;,&quot;_ha_eqh_enable&quot;:false}\">\n\t\t<div class=\"elementor-element elementor-element-8c8be4d e-con-full e-flex e-con e-child\" data-id=\"8c8be4d\" data-element_type=\"container\" id=\"UmOkkurMynd\" data-settings=\"{&quot;_ha_eqh_enable&quot;:false}\">\n\t\t\t\t<div class=\"elementor-element elementor-element-2166510 elementor-widget elementor-widget-image\" data-id=\"2166510\" data-element_type=\"widget\" data-widget_type=\"image.default\">\n\t\t\t\t<div class=\"elementor-widget-container\">\n\t\t\t<style>\/*! elementor - v3.21.0 - 26-05-2024 *\/\n.elementor-widget-image{text-align:center}.elementor-widget-image a{display:inline-block}.elementor-widget-image a img[src$=\".svg\"]{width:48px}.elementor-widget-image img{vertical-align:middle;display:inline-block}<\/style>\t\t\t\t\t\t\t\t\t\t<img fetchpriority=\"high\" decoding=\"async\" width=\"800\" height=\"600\" src=\"https:\/\/jalogmenn.is\/wp-content\/uploads\/2024\/03\/IMG_6367-1024x768.jpeg\" class=\"attachment-large size-large wp-image-645\" alt=\"\" srcset=\"https:\/\/jalogmenn.is\/wp-content\/uploads\/2024\/03\/IMG_6367-1024x768.jpeg 1024w, https:\/\/jalogmenn.is\/wp-content\/uploads\/2024\/03\/IMG_6367-300x225.jpeg 300w, https:\/\/jalogmenn.is\/wp-content\/uploads\/2024\/03\/IMG_6367-768x576.jpeg 768w, https:\/\/jalogmenn.is\/wp-content\/uploads\/2024\/03\/IMG_6367-1536x1152.jpeg 1536w, https:\/\/jalogmenn.is\/wp-content\/uploads\/2024\/03\/IMG_6367.jpeg 2048w\" sizes=\"(max-width: 800px) 100vw, 800px\" \/>\t\t\t\t\t\t\t\t\t\t\t\t\t<\/div>\n\t\t\t\t<\/div>\n\t\t\t\t<\/div>\n\t\t<div class=\"elementor-element elementor-element-0477cbe e-con-full Aukapadding e-flex e-con e-child\" data-id=\"0477cbe\" data-element_type=\"container\" id=\"Aukapadding\" data-settings=\"{&quot;_ha_eqh_enable&quot;:false}\">\n\t\t\t\t<div class=\"elementor-element elementor-element-f5b1491 elementor-widget elementor-widget-heading\" data-id=\"f5b1491\" data-element_type=\"widget\" data-widget_type=\"heading.default\">\n\t\t\t\t<div class=\"elementor-widget-container\">\n\t\t\t<style>\/*! elementor - v3.21.0 - 26-05-2024 *\/\n.elementor-heading-title{padding:0;margin:0;line-height:1}.elementor-widget-heading .elementor-heading-title[class*=elementor-size-]>a{color:inherit;font-size:inherit;line-height:inherit}.elementor-widget-heading .elementor-heading-title.elementor-size-small{font-size:15px}.elementor-widget-heading .elementor-heading-title.elementor-size-medium{font-size:19px}.elementor-widget-heading .elementor-heading-title.elementor-size-large{font-size:29px}.elementor-widget-heading .elementor-heading-title.elementor-size-xl{font-size:39px}.elementor-widget-heading .elementor-heading-title.elementor-size-xxl{font-size:59px}<\/style><h2 class=\"elementor-heading-title elementor-size-default\">JA L\u00f6gmenn<\/h2>\t\t<\/div>\n\t\t\t\t<\/div>\n\t\t\t\t<div class=\"elementor-element elementor-element-0c79cc2 elementor-widget elementor-widget-text-editor\" data-id=\"0c79cc2\" data-element_type=\"widget\" data-widget_type=\"text-editor.default\">\n\t\t\t\t<div class=\"elementor-widget-container\">\n\t\t\t<style>\/*! elementor - v3.21.0 - 26-05-2024 *\/\n.elementor-widget-text-editor.elementor-drop-cap-view-stacked .elementor-drop-cap{background-color:#69727d;color:#fff}.elementor-widget-text-editor.elementor-drop-cap-view-framed .elementor-drop-cap{color:#69727d;border:3px solid;background-color:transparent}.elementor-widget-text-editor:not(.elementor-drop-cap-view-default) .elementor-drop-cap{margin-top:8px}.elementor-widget-text-editor:not(.elementor-drop-cap-view-default) .elementor-drop-cap-letter{width:1em;height:1em}.elementor-widget-text-editor .elementor-drop-cap{float:left;text-align:center;line-height:1;font-size:50px}.elementor-widget-text-editor .elementor-drop-cap-letter{display:inline-block}<\/style>\t\t\t\t<p>L\u00f6gmannsstofan rekur s\u00f6gu s\u00edna til \u00e1rsins 1986 er J\u00f3n Egilsson stofna\u00f0i l\u00f6gmannsstofu undir eigin nafni. Hj\u00e1 JA l\u00f6gm\u00f6nnum starfa \u00ed dag tveir l\u00f6gmenn. Fr\u00e1 upphafi hafa JA l\u00f6gmenn lagt metna\u00f0 \u00ed a\u00f0 veita pers\u00f3nulega og g\u00f3\u00f0a \u00fej\u00f3nustu enda hefur m<span style=\"color: var( --e-global-color-f8fb6a1 ); font-family: var( --e-global-typography-text-font-family ), Sans-serif; font-size: var( --e-global-typography-text-font-size ); font-weight: var( --e-global-typography-text-font-weight ); background-color: var( --e-global-color-3576f9e );\">arkmi\u00f0 okkar veri\u00f0 a\u00f0 veita alhli\u00f0a og faglega s\u00e9rfr\u00e6\u00f0i\u00fej\u00f3nustu, leysa \u00far m\u00e1lum vi\u00f0skiptavina okkar \u00e1 fars\u00e6lan h\u00e1tt og r\u00e1\u00f0a \u00feeim heilt. <\/span><span style=\"color: var( --e-global-color-f8fb6a1 ); font-family: var( --e-global-typography-text-font-family ), Sans-serif; font-size: var( --e-global-typography-text-font-size ); font-weight: var( --e-global-typography-text-font-weight ); background-color: var( --e-global-color-3576f9e );\">Vi\u00f0 veitum alla almenna l\u00f6gfr\u00e6\u00f0i\u00fej\u00f3nustu og \u00fej\u00f3num einstaklingum, fyrirt\u00e6kjum, stofnunum sem og sveitarf\u00e9l\u00f6gum. Vi\u00f0 h\u00f6fum einnig margra \u00e1ratuga reynslu af innheimtu.<\/span><\/p>\t\t\t\t\t\t<\/div>\n\t\t\t\t<\/div>\n\t\t\t\t<\/div>\n\t\t\t\t<\/div>\n\t\t\t\t<\/div>\n\t\t","protected":false},"excerpt":{"rendered":"<p>JA L\u00f6gmenn L\u00f6gmannsstofan rekur s\u00f6gu s\u00edna til \u00e1rsins 1986 er J\u00f3n Egilsson stofna\u00f0i l\u00f6gmannsstofu undir eigin nafni. Hj\u00e1 JA l\u00f6gm\u00f6nnum starfa \u00ed dag tveir l\u00f6gmenn. Fr\u00e1 upphafi hafa JA l\u00f6gmenn lagt metna\u00f0 \u00ed a\u00f0 veita pers\u00f3nulega og g\u00f3\u00f0a \u00fej\u00f3nustu enda hefur markmi\u00f0 okkar veri\u00f0 a\u00f0 veita alhli\u00f0a og faglega s\u00e9rfr\u00e6\u00f0i\u00fej\u00f3nustu, leysa \u00far m\u00e1lum vi\u00f0skiptavina okkar [&hellip;]<\/p>\n","protected":false},"author":1,"featured_media":0,"parent":13,"menu_order":0,"comment_status":"closed","ping_status":"closed","template":"","meta":{"_monsterinsights_skip_tracking":false,"_monsterinsights_sitenote_active":false,"_monsterinsights_sitenote_note":"","_monsterinsights_sitenote_category":0,"_uf_show_specific_survey":0,"_uf_disable_surveys":false,"footnotes":""},"aioseo_notices":[],"_links":{"self":[{"href":"https:\/\/jalogmenn.is\/index.php\/wp-json\/wp\/v2\/pages\/643"}],"collection":[{"href":"https:\/\/jalogmenn.is\/index.php\/wp-json\/wp\/v2\/pages"}],"about":[{"href":"https:\/\/jalogmenn.is\/index.php\/wp-json\/wp\/v2\/types\/page"}],"author":[{"embeddable":true,"href":"https:\/\/jalogmenn.is\/index.php\/wp-json\/wp\/v2\/users\/1"}],"replies":[{"embeddable":true,"href":"https:\/\/jalogmenn.is\/index.php\/wp-json\/wp\/v2\/comments?post=643"}],"version-history":[{"count":52,"href":"https:\/\/jalogmenn.is\/index.php\/wp-json\/wp\/v2\/pages\/643\/revisions"}],"predecessor-version":[{"id":1792,"href":"https:\/\/jalogmenn.is\/index.php\/wp-json\/wp\/v2\/pages\/643\/revisions\/1792"}],"up":[{"embeddable":true,"href":"https:\/\/jalogmenn.is\/index.php\/wp-json\/wp\/v2\/pages\/13"}],"wp:attachment":[{"href":"https:\/\/jalogmenn.is\/index.php\/wp-json\/wp\/v2\/media?parent=643"}],"curies":[{"name":"wp","href":"https:\/\/api.w.org\/{rel}","templated":true}]}}