{"id":484,"date":"2024-03-26T21:48:52","date_gmt":"2024-03-26T21:48:52","guid":{"rendered":"https:\/\/jalogmenn.is\/?page_id=484"},"modified":"2024-04-22T00:08:14","modified_gmt":"2024-04-21T23:08:14","slug":"jon-egilsson","status":"publish","type":"page","link":"https:\/\/jalogmenn.is\/index.php\/home\/starfsfolk\/jon-egilsson\/","title":{"rendered":"J\u00f3n Egilsson"},"content":{"rendered":"\t\t<div data-elementor-type=\"wp-page\" data-elementor-id=\"484\" class=\"elementor elementor-484\">\n\t\t\t\t<div class=\"elementor-element elementor-element-f5039cd e-flex e-con-boxed e-con e-parent\" data-id=\"f5039cd\" data-element_type=\"container\" data-settings=\"{&quot;background_background&quot;:&quot;classic&quot;,&quot;_ha_eqh_enable&quot;:false}\">\n\t\t\t\t\t<div class=\"e-con-inner\">\n\t\t<div class=\"elementor-element elementor-element-62ad536 e-con-full e-flex e-con e-child\" data-id=\"62ad536\" data-element_type=\"container\" data-settings=\"{&quot;_ha_eqh_enable&quot;:false}\">\n\t\t\t\t<div class=\"elementor-element elementor-element-03acd83 elementor-widget elementor-widget-image\" data-id=\"03acd83\" data-element_type=\"widget\" data-widget_type=\"image.default\">\n\t\t\t\t<div class=\"elementor-widget-container\">\n\t\t\t<style>\/*! elementor - v3.21.0 - 26-05-2024 *\/\n.elementor-widget-image{text-align:center}.elementor-widget-image a{display:inline-block}.elementor-widget-image a img[src$=\".svg\"]{width:48px}.elementor-widget-image img{vertical-align:middle;display:inline-block}<\/style>\t\t\t\t\t\t\t\t\t\t<img fetchpriority=\"high\" decoding=\"async\" width=\"701\" height=\"1024\" src=\"https:\/\/jalogmenn.is\/wp-content\/uploads\/2024\/04\/Jon-701x1024.jpg\" class=\"attachment-large size-large wp-image-1554\" alt=\"J\u00f3n Egilsson hrl - l\u00f6gma\u00f0ur JA l\u00f6gmenn l\u00f6gmannsstofa\" srcset=\"https:\/\/jalogmenn.is\/wp-content\/uploads\/2024\/04\/Jon-701x1024.jpg 701w, https:\/\/jalogmenn.is\/wp-content\/uploads\/2024\/04\/Jon-206x300.jpg 206w, https:\/\/jalogmenn.is\/wp-content\/uploads\/2024\/04\/Jon-768x1121.jpg 768w, https:\/\/jalogmenn.is\/wp-content\/uploads\/2024\/04\/Jon-1052x1536.jpg 1052w, https:\/\/jalogmenn.is\/wp-content\/uploads\/2024\/04\/Jon.jpg 1370w\" sizes=\"(max-width: 701px) 100vw, 701px\" \/>\t\t\t\t\t\t\t\t\t\t\t\t\t<\/div>\n\t\t\t\t<\/div>\n\t\t\t\t<div class=\"elementor-element elementor-element-f6e6b21 elementor-align-justify elementor-widget elementor-widget-button\" data-id=\"f6e6b21\" data-element_type=\"widget\" data-widget_type=\"button.default\">\n\t\t\t\t<div class=\"elementor-widget-container\">\n\t\t\t\t\t<div class=\"elementor-button-wrapper\">\n\t\t\t<a class=\"elementor-button elementor-button-link elementor-size-sm\" href=\"mailto:jon@jalogmenn.is\">\n\t\t\t\t\t\t<span class=\"elementor-button-content-wrapper\">\n\t\t\t\t\t\t<span class=\"elementor-button-icon elementor-align-icon-left\">\n\t\t\t\t<i aria-hidden=\"true\" class=\"icon icon-email\"><\/i>\t\t\t<\/span>\n\t\t\t\t\t\t\t\t\t<span class=\"elementor-button-text\">Haf\u00f0u samband<\/span>\n\t\t\t\t\t<\/span>\n\t\t\t\t\t<\/a>\n\t\t<\/div>\n\t\t\t\t<\/div>\n\t\t\t\t<\/div>\n\t\t\t\t<\/div>\n\t\t\t\t<div class=\"elementor-element elementor-element-2ac9cef elementor-widget elementor-widget-spacer\" data-id=\"2ac9cef\" data-element_type=\"widget\" data-widget_type=\"spacer.default\">\n\t\t\t\t<div class=\"elementor-widget-container\">\n\t\t\t<style>\/*! elementor - v3.21.0 - 26-05-2024 *\/\n.elementor-column .elementor-spacer-inner{height:var(--spacer-size)}.e-con{--container-widget-width:100%}.e-con-inner>.elementor-widget-spacer,.e-con>.elementor-widget-spacer{width:var(--container-widget-width,var(--spacer-size));--align-self:var(--container-widget-align-self,initial);--flex-shrink:0}.e-con-inner>.elementor-widget-spacer>.elementor-widget-container,.e-con>.elementor-widget-spacer>.elementor-widget-container{height:100%;width:100%}.e-con-inner>.elementor-widget-spacer>.elementor-widget-container>.elementor-spacer,.e-con>.elementor-widget-spacer>.elementor-widget-container>.elementor-spacer{height:100%}.e-con-inner>.elementor-widget-spacer>.elementor-widget-container>.elementor-spacer>.elementor-spacer-inner,.e-con>.elementor-widget-spacer>.elementor-widget-container>.elementor-spacer>.elementor-spacer-inner{height:var(--container-widget-height,var(--spacer-size))}.e-con-inner>.elementor-widget-spacer.elementor-widget-empty,.e-con>.elementor-widget-spacer.elementor-widget-empty{position:relative;min-height:22px;min-width:22px}.e-con-inner>.elementor-widget-spacer.elementor-widget-empty .elementor-widget-empty-icon,.e-con>.elementor-widget-spacer.elementor-widget-empty .elementor-widget-empty-icon{position:absolute;top:0;bottom:0;left:0;right:0;margin:auto;padding:0;width:22px;height:22px}<\/style>\t\t<div class=\"elementor-spacer\">\n\t\t\t<div class=\"elementor-spacer-inner\"><\/div>\n\t\t<\/div>\n\t\t\t\t<\/div>\n\t\t\t\t<\/div>\n\t\t<div class=\"elementor-element elementor-element-06a14f2 e-con-full e-flex e-con e-child\" data-id=\"06a14f2\" data-element_type=\"container\" data-settings=\"{&quot;_ha_eqh_enable&quot;:false}\">\n\t\t\t\t<div class=\"elementor-element elementor-element-72bf411 elementor-widget elementor-widget-heading\" data-id=\"72bf411\" data-element_type=\"widget\" data-widget_type=\"heading.default\">\n\t\t\t\t<div class=\"elementor-widget-container\">\n\t\t\t<style>\/*! elementor - v3.21.0 - 26-05-2024 *\/\n.elementor-heading-title{padding:0;margin:0;line-height:1}.elementor-widget-heading .elementor-heading-title[class*=elementor-size-]>a{color:inherit;font-size:inherit;line-height:inherit}.elementor-widget-heading .elementor-heading-title.elementor-size-small{font-size:15px}.elementor-widget-heading .elementor-heading-title.elementor-size-medium{font-size:19px}.elementor-widget-heading .elementor-heading-title.elementor-size-large{font-size:29px}.elementor-widget-heading .elementor-heading-title.elementor-size-xl{font-size:39px}.elementor-widget-heading .elementor-heading-title.elementor-size-xxl{font-size:59px}<\/style><h2 class=\"elementor-heading-title elementor-size-default\">J\u00f3n Egilsson hrl.<\/h2>\t\t<\/div>\n\t\t\t\t<\/div>\n\t\t\t\t<div class=\"elementor-element elementor-element-b8e1ecf elementor-widget elementor-widget-text-editor\" data-id=\"b8e1ecf\" data-element_type=\"widget\" id=\"Starfsfolk\" data-widget_type=\"text-editor.default\">\n\t\t\t\t<div class=\"elementor-widget-container\">\n\t\t\t<style>\/*! elementor - v3.21.0 - 26-05-2024 *\/\n.elementor-widget-text-editor.elementor-drop-cap-view-stacked .elementor-drop-cap{background-color:#69727d;color:#fff}.elementor-widget-text-editor.elementor-drop-cap-view-framed .elementor-drop-cap{color:#69727d;border:3px solid;background-color:transparent}.elementor-widget-text-editor:not(.elementor-drop-cap-view-default) .elementor-drop-cap{margin-top:8px}.elementor-widget-text-editor:not(.elementor-drop-cap-view-default) .elementor-drop-cap-letter{width:1em;height:1em}.elementor-widget-text-editor .elementor-drop-cap{float:left;text-align:center;line-height:1;font-size:50px}.elementor-widget-text-editor .elementor-drop-cap-letter{display:inline-block}<\/style>\t\t\t\t<p>H\u00e6star\u00e9ttarl\u00f6gma\u00f0ur &#8211; <a href=\"https:\/\/www.lmfi.is\/logmannalisti\/401\/jon-egilsson#lawyer\" target=\"_blank\" rel=\"noopener\">L\u00f6gmannaf\u00e9lag \u00cdslands<\/a><\/p>\n<p><strong>F\u00e6ddur<\/strong>: 20. j\u00fan\u00ed 1956<\/p>\n<p><strong>Menntun og starfsreynsla:<\/strong><\/p>\n<ul>\n<li>1976 Menntask\u00f3linn vi\u00f0 Tj\u00f6rnina, st\u00fadent.<\/li>\n<li>1984 H\u00e1sk\u00f3li \u00cdslands, cand. jur. me\u00f0 I. einkunn.<\/li>\n<li>1986 H\u00f3f J\u00f3n rekstur \u00e1 eigin l\u00f6gmannsstofu.<\/li>\n<li>1987 H\u00e9ra\u00f0sd\u00f3msl\u00f6gma\u00f0ur.<\/li>\n<li>1998 Leyfi til flutnings eigin m\u00e1la fyrir H\u00e6star\u00e9tti \u00e1ri\u00f0.<\/li>\n<li>2011 H\u00e6star\u00e9ttarl\u00f6gma\u00f0ur.<\/li>\n<li>2014 L\u00f6ggiltur fasteignasali.<\/li>\n<\/ul>\n<p><strong>T\u00f6lvup\u00f3stur: <\/strong>jon@jalogmenn.is<\/p>\n<div>&nbsp;<\/div>\n<div>&nbsp;<\/div>\t\t\t\t\t\t<\/div>\n\t\t\t\t<\/div>\n\t\t\t\t<\/div>\n\t\t\t\t\t<\/div>\n\t\t\t\t<\/div>\n\t\t\t\t<\/div>\n\t\t","protected":false},"excerpt":{"rendered":"<p>Haf\u00f0u samband J\u00f3n Egilsson hrl. H\u00e6star\u00e9ttarl\u00f6gma\u00f0ur &#8211; L\u00f6gmannaf\u00e9lag \u00cdslands F\u00e6ddur: 20. j\u00fan\u00ed 1956 Menntun og starfsreynsla: 1976 Menntask\u00f3linn vi\u00f0 Tj\u00f6rnina, st\u00fadent. 1984 H\u00e1sk\u00f3li \u00cdslands, cand. jur. me\u00f0 I. einkunn. 1986 H\u00f3f J\u00f3n rekstur \u00e1 eigin l\u00f6gmannsstofu. 1987 H\u00e9ra\u00f0sd\u00f3msl\u00f6gma\u00f0ur. 1998 Leyfi til flutnings eigin m\u00e1la fyrir H\u00e6star\u00e9tti \u00e1ri\u00f0. 2011 H\u00e6star\u00e9ttarl\u00f6gma\u00f0ur. 2014 L\u00f6ggiltur fasteignasali. T\u00f6lvup\u00f3stur: jon@jalogmenn.is &nbsp; [&hellip;]<\/p>\n","protected":false},"author":1,"featured_media":0,"parent":467,"menu_order":0,"comment_status":"closed","ping_status":"closed","template":"","meta":{"_monsterinsights_skip_tracking":false,"_monsterinsights_sitenote_active":false,"_monsterinsights_sitenote_note":"","_monsterinsights_sitenote_category":0,"_uf_show_specific_survey":0,"_uf_disable_surveys":false,"footnotes":""},"aioseo_notices":[],"_links":{"self":[{"href":"https:\/\/jalogmenn.is\/index.php\/wp-json\/wp\/v2\/pages\/484"}],"collection":[{"href":"https:\/\/jalogmenn.is\/index.php\/wp-json\/wp\/v2\/pages"}],"about":[{"href":"https:\/\/jalogmenn.is\/index.php\/wp-json\/wp\/v2\/types\/page"}],"author":[{"embeddable":true,"href":"https:\/\/jalogmenn.is\/index.php\/wp-json\/wp\/v2\/users\/1"}],"replies":[{"embeddable":true,"href":"https:\/\/jalogmenn.is\/index.php\/wp-json\/wp\/v2\/comments?post=484"}],"version-history":[{"count":49,"href":"https:\/\/jalogmenn.is\/index.php\/wp-json\/wp\/v2\/pages\/484\/revisions"}],"predecessor-version":[{"id":1747,"href":"https:\/\/jalogmenn.is\/index.php\/wp-json\/wp\/v2\/pages\/484\/revisions\/1747"}],"up":[{"embeddable":true,"href":"https:\/\/jalogmenn.is\/index.php\/wp-json\/wp\/v2\/pages\/467"}],"wp:attachment":[{"href":"https:\/\/jalogmenn.is\/index.php\/wp-json\/wp\/v2\/media?parent=484"}],"curies":[{"name":"wp","href":"https:\/\/api.w.org\/{rel}","templated":true}]}}