{"id":467,"date":"2024-03-26T14:24:13","date_gmt":"2024-03-26T14:24:13","guid":{"rendered":"https:\/\/jalogmenn.is\/?page_id=467"},"modified":"2026-03-22T12:29:14","modified_gmt":"2026-03-22T12:29:14","slug":"starfsfolk","status":"publish","type":"page","link":"https:\/\/jalogmenn.is\/index.php\/home\/starfsfolk\/","title":{"rendered":"Starfsf\u00f3lk"},"content":{"rendered":"\t\t<div data-elementor-type=\"wp-page\" data-elementor-id=\"467\" class=\"elementor elementor-467\">\n\t\t\t\t<div class=\"elementor-element elementor-element-abb983d e-con-full e-flex e-con e-parent\" data-id=\"abb983d\" data-element_type=\"container\" data-settings=\"{&quot;background_background&quot;:&quot;classic&quot;,&quot;_ha_eqh_enable&quot;:false}\">\n\t\t<div class=\"elementor-element elementor-element-3731044 e-con-full e-flex e-con e-child\" data-id=\"3731044\" data-element_type=\"container\" data-settings=\"{&quot;_ha_eqh_enable&quot;:false}\">\n\t\t\t\t<div class=\"elementor-element elementor-element-396c839 elementor-widget elementor-widget-image\" data-id=\"396c839\" data-element_type=\"widget\" data-widget_type=\"image.default\">\n\t\t\t\t<div class=\"elementor-widget-container\">\n\t\t\t<style>\/*! elementor - v3.21.0 - 26-05-2024 *\/\n.elementor-widget-image{text-align:center}.elementor-widget-image a{display:inline-block}.elementor-widget-image a img[src$=\".svg\"]{width:48px}.elementor-widget-image img{vertical-align:middle;display:inline-block}<\/style>\t\t\t\t\t\t\t\t\t\t\t<a href=\"https:\/\/jalogmenn.is\/index.php\/starfsfolk\/audurbjorgjonsdottir\/\">\n\t\t\t\t\t\t\t<img fetchpriority=\"high\" decoding=\"async\" width=\"701\" height=\"1024\" src=\"https:\/\/jalogmenn.is\/wp-content\/uploads\/2024\/04\/Audur-701x1024.jpg\" class=\"attachment-large size-large wp-image-1557\" alt=\"Au\u00f0ur Bj\u00f6rg J\u00f3nsd\u00f3ttir hrl - l\u00f6gma\u00f0ur JA l\u00f6gmenn l\u00f6gmannsstofa\" srcset=\"https:\/\/jalogmenn.is\/wp-content\/uploads\/2024\/04\/Audur-701x1024.jpg 701w, https:\/\/jalogmenn.is\/wp-content\/uploads\/2024\/04\/Audur-206x300.jpg 206w, https:\/\/jalogmenn.is\/wp-content\/uploads\/2024\/04\/Audur-768x1121.jpg 768w, https:\/\/jalogmenn.is\/wp-content\/uploads\/2024\/04\/Audur-1052x1536.jpg 1052w, https:\/\/jalogmenn.is\/wp-content\/uploads\/2024\/04\/Audur.jpg 1370w\" sizes=\"(max-width: 701px) 100vw, 701px\" \/>\t\t\t\t\t\t\t\t<\/a>\n\t\t\t\t\t\t\t\t\t\t\t\t\t<\/div>\n\t\t\t\t<\/div>\n\t\t\t\t<div class=\"elementor-element elementor-element-73e736d elementor-widget elementor-widget-heading\" data-id=\"73e736d\" data-element_type=\"widget\" data-widget_type=\"heading.default\">\n\t\t\t\t<div class=\"elementor-widget-container\">\n\t\t\t<style>\/*! elementor - v3.21.0 - 26-05-2024 *\/\n.elementor-heading-title{padding:0;margin:0;line-height:1}.elementor-widget-heading .elementor-heading-title[class*=elementor-size-]>a{color:inherit;font-size:inherit;line-height:inherit}.elementor-widget-heading .elementor-heading-title.elementor-size-small{font-size:15px}.elementor-widget-heading .elementor-heading-title.elementor-size-medium{font-size:19px}.elementor-widget-heading .elementor-heading-title.elementor-size-large{font-size:29px}.elementor-widget-heading .elementor-heading-title.elementor-size-xl{font-size:39px}.elementor-widget-heading .elementor-heading-title.elementor-size-xxl{font-size:59px}<\/style><h4 class=\"elementor-heading-title elementor-size-default\"><a href=\"https:\/\/jalogmenn.is\/index.php\/starfsfolk\/audurbjorgjonsdottir\/\">Au\u00f0ur Bj\u00f6rg J\u00f3nsd\u00f3ttir<\/a><\/h4>\t\t<\/div>\n\t\t\t\t<\/div>\n\t\t\t\t<div class=\"elementor-element elementor-element-d2ba72f elementor-widget elementor-widget-text-editor\" data-id=\"d2ba72f\" data-element_type=\"widget\" data-widget_type=\"text-editor.default\">\n\t\t\t\t<div class=\"elementor-widget-container\">\n\t\t\t<style>\/*! elementor - v3.21.0 - 26-05-2024 *\/\n.elementor-widget-text-editor.elementor-drop-cap-view-stacked .elementor-drop-cap{background-color:#69727d;color:#fff}.elementor-widget-text-editor.elementor-drop-cap-view-framed .elementor-drop-cap{color:#69727d;border:3px solid;background-color:transparent}.elementor-widget-text-editor:not(.elementor-drop-cap-view-default) .elementor-drop-cap{margin-top:8px}.elementor-widget-text-editor:not(.elementor-drop-cap-view-default) .elementor-drop-cap-letter{width:1em;height:1em}.elementor-widget-text-editor .elementor-drop-cap{float:left;text-align:center;line-height:1;font-size:50px}.elementor-widget-text-editor .elementor-drop-cap-letter{display:inline-block}<\/style>\t\t\t\t<p>Hrl. \/ Eigandi<\/p>\t\t\t\t\t\t<\/div>\n\t\t\t\t<\/div>\n\t\t\t\t<\/div>\n\t\t<div class=\"elementor-element elementor-element-ba99744 e-con-full e-flex e-con e-child\" data-id=\"ba99744\" data-element_type=\"container\" data-settings=\"{&quot;_ha_eqh_enable&quot;:false}\">\n\t\t\t\t<div class=\"elementor-element elementor-element-eac4b78 elementor-widget elementor-widget-image\" data-id=\"eac4b78\" data-element_type=\"widget\" data-widget_type=\"image.default\">\n\t\t\t\t<div class=\"elementor-widget-container\">\n\t\t\t\t\t\t\t\t\t\t\t\t\t\t<a href=\"https:\/\/jalogmenn.is\/index.php\/starfsfolk\/jon-egilsson\/\">\n\t\t\t\t\t\t\t<img decoding=\"async\" width=\"701\" height=\"1024\" src=\"https:\/\/jalogmenn.is\/wp-content\/uploads\/2024\/04\/Jon-701x1024.jpg\" class=\"attachment-large size-large wp-image-1554\" alt=\"J\u00f3n Egilsson hrl - l\u00f6gma\u00f0ur JA l\u00f6gmenn l\u00f6gmannsstofa\" srcset=\"https:\/\/jalogmenn.is\/wp-content\/uploads\/2024\/04\/Jon-701x1024.jpg 701w, https:\/\/jalogmenn.is\/wp-content\/uploads\/2024\/04\/Jon-206x300.jpg 206w, https:\/\/jalogmenn.is\/wp-content\/uploads\/2024\/04\/Jon-768x1121.jpg 768w, https:\/\/jalogmenn.is\/wp-content\/uploads\/2024\/04\/Jon-1052x1536.jpg 1052w, https:\/\/jalogmenn.is\/wp-content\/uploads\/2024\/04\/Jon.jpg 1370w\" sizes=\"(max-width: 701px) 100vw, 701px\" \/>\t\t\t\t\t\t\t\t<\/a>\n\t\t\t\t\t\t\t\t\t\t\t\t\t<\/div>\n\t\t\t\t<\/div>\n\t\t\t\t<div class=\"elementor-element elementor-element-5660ae0 elementor-widget elementor-widget-heading\" data-id=\"5660ae0\" data-element_type=\"widget\" data-widget_type=\"heading.default\">\n\t\t\t\t<div class=\"elementor-widget-container\">\n\t\t\t<h4 class=\"elementor-heading-title elementor-size-default\"><a href=\"https:\/\/jalogmenn.is\/index.php\/starfsfolk\/jon-egilsson\/\">J\u00f3n Egilsson<\/a><\/h4>\t\t<\/div>\n\t\t\t\t<\/div>\n\t\t\t\t<div class=\"elementor-element elementor-element-f3f3547 elementor-widget elementor-widget-text-editor\" data-id=\"f3f3547\" data-element_type=\"widget\" data-widget_type=\"text-editor.default\">\n\t\t\t\t<div class=\"elementor-widget-container\">\n\t\t\t\t\t\t\t<p>Hrl. \/ Eigandi<\/p>\t\t\t\t\t\t<\/div>\n\t\t\t\t<\/div>\n\t\t\t\t<\/div>\n\t\t\t\t<\/div>\n\t\t\t\t<\/div>\n\t\t","protected":false},"excerpt":{"rendered":"<p>Au\u00f0ur Bj\u00f6rg J\u00f3nsd\u00f3ttir Hrl. \/ Eigandi J\u00f3n Egilsson Hrl. \/ Eigandi<\/p>\n","protected":false},"author":1,"featured_media":0,"parent":13,"menu_order":0,"comment_status":"closed","ping_status":"closed","template":"","meta":{"_monsterinsights_skip_tracking":false,"_monsterinsights_sitenote_active":false,"_monsterinsights_sitenote_note":"","_monsterinsights_sitenote_category":0,"_uf_show_specific_survey":0,"_uf_disable_surveys":false,"footnotes":""},"aioseo_notices":[],"_links":{"self":[{"href":"https:\/\/jalogmenn.is\/index.php\/wp-json\/wp\/v2\/pages\/467"}],"collection":[{"href":"https:\/\/jalogmenn.is\/index.php\/wp-json\/wp\/v2\/pages"}],"about":[{"href":"https:\/\/jalogmenn.is\/index.php\/wp-json\/wp\/v2\/types\/page"}],"author":[{"embeddable":true,"href":"https:\/\/jalogmenn.is\/index.php\/wp-json\/wp\/v2\/users\/1"}],"replies":[{"embeddable":true,"href":"https:\/\/jalogmenn.is\/index.php\/wp-json\/wp\/v2\/comments?post=467"}],"version-history":[{"count":40,"href":"https:\/\/jalogmenn.is\/index.php\/wp-json\/wp\/v2\/pages\/467\/revisions"}],"predecessor-version":[{"id":1817,"href":"https:\/\/jalogmenn.is\/index.php\/wp-json\/wp\/v2\/pages\/467\/revisions\/1817"}],"up":[{"embeddable":true,"href":"https:\/\/jalogmenn.is\/index.php\/wp-json\/wp\/v2\/pages\/13"}],"wp:attachment":[{"href":"https:\/\/jalogmenn.is\/index.php\/wp-json\/wp\/v2\/media?parent=467"}],"curies":[{"name":"wp","href":"https:\/\/api.w.org\/{rel}","templated":true}]}}