{"id":436,"date":"2024-03-26T13:57:35","date_gmt":"2024-03-26T13:57:35","guid":{"rendered":"https:\/\/jalogmenn.is\/?page_id=436"},"modified":"2024-04-22T00:09:14","modified_gmt":"2024-04-21T23:09:14","slug":"audurbjorgjonsdottir","status":"publish","type":"page","link":"https:\/\/jalogmenn.is\/index.php\/home\/starfsfolk\/audurbjorgjonsdottir\/","title":{"rendered":"Au\u00f0ur Bj\u00f6rg J\u00f3nsd\u00f3ttir"},"content":{"rendered":"\t\t<div data-elementor-type=\"wp-page\" data-elementor-id=\"436\" class=\"elementor elementor-436\">\n\t\t\t\t<div class=\"elementor-element elementor-element-685b5b6 e-flex e-con-boxed e-con e-parent\" data-id=\"685b5b6\" data-element_type=\"container\" data-settings=\"{&quot;background_background&quot;:&quot;classic&quot;,&quot;_ha_eqh_enable&quot;:false}\">\n\t\t\t\t\t<div class=\"e-con-inner\">\n\t\t<div class=\"elementor-element elementor-element-39e13db e-con-full e-flex e-con e-child\" data-id=\"39e13db\" data-element_type=\"container\" data-settings=\"{&quot;_ha_eqh_enable&quot;:false}\">\n\t\t\t\t<div class=\"elementor-element elementor-element-ef69626 elementor-widget elementor-widget-image\" data-id=\"ef69626\" data-element_type=\"widget\" data-widget_type=\"image.default\">\n\t\t\t\t<div class=\"elementor-widget-container\">\n\t\t\t<style>\/*! elementor - v3.21.0 - 26-05-2024 *\/\n.elementor-widget-image{text-align:center}.elementor-widget-image a{display:inline-block}.elementor-widget-image a img[src$=\".svg\"]{width:48px}.elementor-widget-image img{vertical-align:middle;display:inline-block}<\/style>\t\t\t\t\t\t\t\t\t\t<img fetchpriority=\"high\" decoding=\"async\" width=\"701\" height=\"1024\" src=\"https:\/\/jalogmenn.is\/wp-content\/uploads\/2024\/04\/Audur-701x1024.jpg\" class=\"attachment-large size-large wp-image-1557\" alt=\"Au\u00f0ur Bj\u00f6rg J\u00f3nsd\u00f3ttir hrl - l\u00f6gma\u00f0ur JA l\u00f6gmenn l\u00f6gmannsstofa\" srcset=\"https:\/\/jalogmenn.is\/wp-content\/uploads\/2024\/04\/Audur-701x1024.jpg 701w, https:\/\/jalogmenn.is\/wp-content\/uploads\/2024\/04\/Audur-206x300.jpg 206w, https:\/\/jalogmenn.is\/wp-content\/uploads\/2024\/04\/Audur-768x1121.jpg 768w, https:\/\/jalogmenn.is\/wp-content\/uploads\/2024\/04\/Audur-1052x1536.jpg 1052w, https:\/\/jalogmenn.is\/wp-content\/uploads\/2024\/04\/Audur.jpg 1370w\" sizes=\"(max-width: 701px) 100vw, 701px\" \/>\t\t\t\t\t\t\t\t\t\t\t\t\t<\/div>\n\t\t\t\t<\/div>\n\t\t\t\t<div class=\"elementor-element elementor-element-6da987e elementor-align-justify animated-slow elementor-invisible elementor-widget elementor-widget-button\" data-id=\"6da987e\" data-element_type=\"widget\" data-settings=\"{&quot;_animation&quot;:&quot;fadeIn&quot;}\" data-widget_type=\"button.default\">\n\t\t\t\t<div class=\"elementor-widget-container\">\n\t\t\t\t\t<div class=\"elementor-button-wrapper\">\n\t\t\t<a class=\"elementor-button elementor-button-link elementor-size-sm\" href=\"mailto:audur@jalogmenn.is\">\n\t\t\t\t\t\t<span class=\"elementor-button-content-wrapper\">\n\t\t\t\t\t\t<span class=\"elementor-button-icon elementor-align-icon-left\">\n\t\t\t\t<i aria-hidden=\"true\" class=\"icon icon-email1\"><\/i>\t\t\t<\/span>\n\t\t\t\t\t\t\t\t\t<span class=\"elementor-button-text\"> Haf\u00f0u Samband<\/span>\n\t\t\t\t\t<\/span>\n\t\t\t\t\t<\/a>\n\t\t<\/div>\n\t\t\t\t<\/div>\n\t\t\t\t<\/div>\n\t\t\t\t<\/div>\n\t\t\t\t<div class=\"elementor-element elementor-element-e96b0f1 elementor-widget elementor-widget-spacer\" data-id=\"e96b0f1\" data-element_type=\"widget\" data-widget_type=\"spacer.default\">\n\t\t\t\t<div class=\"elementor-widget-container\">\n\t\t\t<style>\/*! elementor - v3.21.0 - 26-05-2024 *\/\n.elementor-column .elementor-spacer-inner{height:var(--spacer-size)}.e-con{--container-widget-width:100%}.e-con-inner>.elementor-widget-spacer,.e-con>.elementor-widget-spacer{width:var(--container-widget-width,var(--spacer-size));--align-self:var(--container-widget-align-self,initial);--flex-shrink:0}.e-con-inner>.elementor-widget-spacer>.elementor-widget-container,.e-con>.elementor-widget-spacer>.elementor-widget-container{height:100%;width:100%}.e-con-inner>.elementor-widget-spacer>.elementor-widget-container>.elementor-spacer,.e-con>.elementor-widget-spacer>.elementor-widget-container>.elementor-spacer{height:100%}.e-con-inner>.elementor-widget-spacer>.elementor-widget-container>.elementor-spacer>.elementor-spacer-inner,.e-con>.elementor-widget-spacer>.elementor-widget-container>.elementor-spacer>.elementor-spacer-inner{height:var(--container-widget-height,var(--spacer-size))}.e-con-inner>.elementor-widget-spacer.elementor-widget-empty,.e-con>.elementor-widget-spacer.elementor-widget-empty{position:relative;min-height:22px;min-width:22px}.e-con-inner>.elementor-widget-spacer.elementor-widget-empty .elementor-widget-empty-icon,.e-con>.elementor-widget-spacer.elementor-widget-empty .elementor-widget-empty-icon{position:absolute;top:0;bottom:0;left:0;right:0;margin:auto;padding:0;width:22px;height:22px}<\/style>\t\t<div class=\"elementor-spacer\">\n\t\t\t<div class=\"elementor-spacer-inner\"><\/div>\n\t\t<\/div>\n\t\t\t\t<\/div>\n\t\t\t\t<\/div>\n\t\t<div class=\"elementor-element elementor-element-d721250 e-con-full e-flex e-con e-child\" data-id=\"d721250\" data-element_type=\"container\" data-settings=\"{&quot;_ha_eqh_enable&quot;:false}\">\n\t\t\t\t<div class=\"elementor-element elementor-element-b4b4708 elementor-widget elementor-widget-heading\" data-id=\"b4b4708\" data-element_type=\"widget\" data-widget_type=\"heading.default\">\n\t\t\t\t<div class=\"elementor-widget-container\">\n\t\t\t<style>\/*! elementor - v3.21.0 - 26-05-2024 *\/\n.elementor-heading-title{padding:0;margin:0;line-height:1}.elementor-widget-heading .elementor-heading-title[class*=elementor-size-]>a{color:inherit;font-size:inherit;line-height:inherit}.elementor-widget-heading .elementor-heading-title.elementor-size-small{font-size:15px}.elementor-widget-heading .elementor-heading-title.elementor-size-medium{font-size:19px}.elementor-widget-heading .elementor-heading-title.elementor-size-large{font-size:29px}.elementor-widget-heading .elementor-heading-title.elementor-size-xl{font-size:39px}.elementor-widget-heading .elementor-heading-title.elementor-size-xxl{font-size:59px}<\/style><h2 class=\"elementor-heading-title elementor-size-default\">Au\u00f0ur Bj\u00f6rg J\u00f3nsd\u00f3ttir hrl.<\/h2>\t\t<\/div>\n\t\t\t\t<\/div>\n\t\t\t\t<div class=\"elementor-element elementor-element-884e236 elementor-widget elementor-widget-text-editor\" data-id=\"884e236\" data-element_type=\"widget\" id=\"Starfsfolk\" data-widget_type=\"text-editor.default\">\n\t\t\t\t<div class=\"elementor-widget-container\">\n\t\t\t<style>\/*! elementor - v3.21.0 - 26-05-2024 *\/\n.elementor-widget-text-editor.elementor-drop-cap-view-stacked .elementor-drop-cap{background-color:#69727d;color:#fff}.elementor-widget-text-editor.elementor-drop-cap-view-framed .elementor-drop-cap{color:#69727d;border:3px solid;background-color:transparent}.elementor-widget-text-editor:not(.elementor-drop-cap-view-default) .elementor-drop-cap{margin-top:8px}.elementor-widget-text-editor:not(.elementor-drop-cap-view-default) .elementor-drop-cap-letter{width:1em;height:1em}.elementor-widget-text-editor .elementor-drop-cap{float:left;text-align:center;line-height:1;font-size:50px}.elementor-widget-text-editor .elementor-drop-cap-letter{display:inline-block}<\/style>\t\t\t\t<div class=\"vc_acf team-member-title vc_txt_align_left field_58945236ea44f\">H\u00e6star\u00e9ttarl\u00f6gma\u00f0ur &#8211; <a href=\"https:\/\/www.lmfi.is\/logmannalisti\/867\/audur-bjorg-jonsdottir#lawyer\" target=\"_blank\" rel=\"noopener\">L\u00f6gmannaf\u00e9lag \u00cdslands<\/a><\/div><div>\u00a0<\/div><div class=\"wpb_text_column wpb_content_element \"><div class=\"wpb_wrapper\"><p><strong>F\u00e6dd: <\/strong>25. febr\u00faar 1980.<\/p><p><strong>Menntun og starfsr\u00e9ttindi:<\/strong><\/p><ul><li>2000 Menntask\u00f3linn vi\u00f0 sund.<\/li><li>2005 H\u00e1sk\u00f3li \u00cdsland, cand. Juris.<\/li><li>2006 H\u00e9ra\u00f0sd\u00f3msl\u00f6gma\u00f0ur.<\/li><li>2014 H\u00e6star\u00e9ttarl\u00f6gma\u00f0ur.<\/li><li>2015 L\u00f6ggiltur fasteignasali.<\/li><li>2018 Leyfi til a\u00f0 gera eignaskiptayfirl\u00fdsingar.<\/li><\/ul><p>\u00a0<\/p><p><strong>Starfsreynsla:<\/strong><\/p><ul><li>JA l\u00f6gmenn fr\u00e1 2005, eigandi fr\u00e1 2015.<\/li><li>Stundakennari vi\u00f0 Lagadeild H\u00e1sk\u00f3la \u00cdslands fr\u00e1 2005.<\/li><li>Stj\u00f3rn ALM fj\u00e1rm\u00e1l hf., 2010-2014.<\/li><li>Forma\u00f0ur k\u00e6runefndar h\u00fasam\u00e1la fr\u00e1 2013.<\/li><li>Forma\u00f0ur mannanafnanefndar fr\u00e1 2018<\/li><li>Varama\u00f0ur \u00ed stj\u00f3rn V\u00cdS, 2018.<\/li><li>Stj\u00f3rn Teya hf. (\u00e1\u00f0ur Borgun) fr\u00e1 2021.<\/li><\/ul><p>\u00a0<\/p><p><strong>Ritst\u00f6rf:<\/strong><\/p><ul><li>A\u00f0ilaskipti a\u00f0 leigusamningum. Kandidatsritger\u00f0 til emb\u00e6ttispr\u00f3fs \u00ed l\u00f6gfr\u00e6\u00f0i. 2005.<\/li><li>\u00c1kv\u00f6r\u00f0un miskab\u00f3ta \u00ed \u00e6rumei\u00f0ingam\u00e1lum. \u00dej\u00f3\u00f0arspegillinn, ranns\u00f3knir \u00ed f\u00e9lagsv\u00edsindum VIII, 2007.<\/li><\/ul><p>\u00a0<\/p><p><strong>F\u00e9lagsst\u00f6rf:<\/strong><\/p><ul><li>Stj\u00f3rn ELSA, f\u00e9lagi evr\u00f3pskra laganema, \u00e1rin 2001-2002.<\/li><li>Stj\u00f3rn Orators, f\u00e9lags laganema vi\u00f0 H\u00e1sk\u00f3la \u00cdslands, \u00e1rin 2002-2003.<\/li><li>Stj\u00f3rn F\u00e9lags kvenna \u00ed l\u00f6gmennsku fr\u00e1 vori 2010-2013 og emb\u00e6tti formanns fr\u00e1 mars 2012-2013. T\u00f3k aftur s\u00e6ti \u00ed stj\u00f3rn 2020.<\/li><li>Ritari fr\u00e6\u00f0slunefndar F\u00e9lags kvenna \u00ed atvinnul\u00edfinu, 2017-2018.<\/li><\/ul><p>\u00a0<\/p><p><strong>Helstu s\u00e9rsvi\u00f0:<\/strong><\/p><p>Leigur\u00e9ttur, sifja- og erf\u00f0am\u00e1l, barnar\u00e9ttur, ska\u00f0ab\u00f3tar\u00e9ttur, fyrirt\u00e6kjal\u00f6gfr\u00e6\u00f0i, fasteignakaupar\u00e9ttur, gjald\u00ferotaskiptar\u00e9ttur, innheimta og sakam\u00e1lar\u00e9ttarfar<\/p><p><strong>T\u00f6lvup\u00f3stur<\/strong>: audur@jalogmenn.is<\/p><\/div><\/div>\t\t\t\t\t\t<\/div>\n\t\t\t\t<\/div>\n\t\t\t\t<\/div>\n\t\t\t\t\t<\/div>\n\t\t\t\t<\/div>\n\t\t\t\t<\/div>\n\t\t","protected":false},"excerpt":{"rendered":"<p>Haf\u00f0u Samband Au\u00f0ur Bj\u00f6rg J\u00f3nsd\u00f3ttir hrl. H\u00e6star\u00e9ttarl\u00f6gma\u00f0ur &#8211; L\u00f6gmannaf\u00e9lag \u00cdslands\u00a0 F\u00e6dd: 25. febr\u00faar 1980. Menntun og starfsr\u00e9ttindi: 2000 Menntask\u00f3linn vi\u00f0 sund. 2005 H\u00e1sk\u00f3li \u00cdsland, cand. Juris. 2006 H\u00e9ra\u00f0sd\u00f3msl\u00f6gma\u00f0ur. 2014 H\u00e6star\u00e9ttarl\u00f6gma\u00f0ur. 2015 L\u00f6ggiltur fasteignasali. 2018 Leyfi til a\u00f0 gera eignaskiptayfirl\u00fdsingar. \u00a0 Starfsreynsla: JA l\u00f6gmenn fr\u00e1 2005, eigandi fr\u00e1 2015. Stundakennari vi\u00f0 Lagadeild H\u00e1sk\u00f3la \u00cdslands fr\u00e1 2005. [&hellip;]<\/p>\n","protected":false},"author":1,"featured_media":0,"parent":467,"menu_order":0,"comment_status":"closed","ping_status":"closed","template":"","meta":{"_monsterinsights_skip_tracking":false,"_monsterinsights_sitenote_active":false,"_monsterinsights_sitenote_note":"","_monsterinsights_sitenote_category":0,"_uf_show_specific_survey":0,"_uf_disable_surveys":false,"footnotes":""},"aioseo_notices":[],"_links":{"self":[{"href":"https:\/\/jalogmenn.is\/index.php\/wp-json\/wp\/v2\/pages\/436"}],"collection":[{"href":"https:\/\/jalogmenn.is\/index.php\/wp-json\/wp\/v2\/pages"}],"about":[{"href":"https:\/\/jalogmenn.is\/index.php\/wp-json\/wp\/v2\/types\/page"}],"author":[{"embeddable":true,"href":"https:\/\/jalogmenn.is\/index.php\/wp-json\/wp\/v2\/users\/1"}],"replies":[{"embeddable":true,"href":"https:\/\/jalogmenn.is\/index.php\/wp-json\/wp\/v2\/comments?post=436"}],"version-history":[{"count":58,"href":"https:\/\/jalogmenn.is\/index.php\/wp-json\/wp\/v2\/pages\/436\/revisions"}],"predecessor-version":[{"id":1753,"href":"https:\/\/jalogmenn.is\/index.php\/wp-json\/wp\/v2\/pages\/436\/revisions\/1753"}],"up":[{"embeddable":true,"href":"https:\/\/jalogmenn.is\/index.php\/wp-json\/wp\/v2\/pages\/467"}],"wp:attachment":[{"href":"https:\/\/jalogmenn.is\/index.php\/wp-json\/wp\/v2\/media?parent=436"}],"curies":[{"name":"wp","href":"https:\/\/api.w.org\/{rel}","templated":true}]}}